{"id":90,"date":"2018-10-21T16:00:13","date_gmt":"2018-10-21T16:00:13","guid":{"rendered":"http:\/\/filmpolice.de\/?page_id=90"},"modified":"2018-10-23T12:56:52","modified_gmt":"2018-10-23T12:56:52","slug":"grafik","status":"publish","type":"page","link":"https:\/\/filmpolice.de\/?page_id=90","title":{"rendered":"Grafik"},"content":{"rendered":"<p style=\"text-align: center;\"><strong>Beispiele\u00a0diverser\u00a0Grafikarbeiten die wir im Auftrag erstellt haben.<\/strong><\/p>\n<hr \/>\n<p style=\"text-align: center;\"><img decoding=\"async\" loading=\"lazy\" class=\"aligncenter size-full wp-image-219\" src=\"http:\/\/filmpolice.de\/wp-content\/uploads\/2018\/10\/fraas-1.jpg\" alt=\"\" width=\"1000\" height=\"760\" srcset=\"https:\/\/filmpolice.de\/wp-content\/uploads\/2018\/10\/fraas-1.jpg 1000w, https:\/\/filmpolice.de\/wp-content\/uploads\/2018\/10\/fraas-1-300x228.jpg 300w, https:\/\/filmpolice.de\/wp-content\/uploads\/2018\/10\/fraas-1-768x584.jpg 768w\" sizes=\"(max-width: 1000px) 100vw, 1000px\" \/>Druckvorlagen f\u00fcr diverse Anzeigen, Brosch\u00fcren und Werbeaufsteller f\u00fcr Fa. Fraas<\/p>\n<hr \/>\n<p style=\"text-align: center;\"><strong>Logoentwicklung f\u00fcr Firmen\u00a0<\/strong><\/p>\n<p><img decoding=\"async\" loading=\"lazy\" class=\"size-medium wp-image-224 aligncenter\" src=\"http:\/\/filmpolice.de\/wp-content\/uploads\/2018\/10\/TrageGlanz-Logo-komplett-300x143.jpg\" alt=\"\" width=\"300\" height=\"143\" srcset=\"https:\/\/filmpolice.de\/wp-content\/uploads\/2018\/10\/TrageGlanz-Logo-komplett-300x143.jpg 300w, https:\/\/filmpolice.de\/wp-content\/uploads\/2018\/10\/TrageGlanz-Logo-komplett.jpg 500w\" sizes=\"(max-width: 300px) 100vw, 300px\" \/>\u00a0\u00a0\u00a0\u00a0\u00a0\u00a0 <img decoding=\"async\" loading=\"lazy\" class=\"size-medium wp-image-221 aligncenter\" src=\"http:\/\/filmpolice.de\/wp-content\/uploads\/2018\/10\/Hautnah-visitenkarte-front-300x154.jpg\" alt=\"\" width=\"300\" height=\"154\" srcset=\"https:\/\/filmpolice.de\/wp-content\/uploads\/2018\/10\/Hautnah-visitenkarte-front-300x154.jpg 300w, https:\/\/filmpolice.de\/wp-content\/uploads\/2018\/10\/Hautnah-visitenkarte-front.jpg 500w\" sizes=\"(max-width: 300px) 100vw, 300px\" \/>\u00a0\u00a0\u00a0\u00a0 <img decoding=\"async\" loading=\"lazy\" class=\"size-medium wp-image-222 aligncenter\" src=\"http:\/\/filmpolice.de\/wp-content\/uploads\/2018\/10\/JS-Praxis-Logo-300x110.jpg\" alt=\"\" width=\"300\" height=\"110\" srcset=\"https:\/\/filmpolice.de\/wp-content\/uploads\/2018\/10\/JS-Praxis-Logo-300x110.jpg 300w, https:\/\/filmpolice.de\/wp-content\/uploads\/2018\/10\/JS-Praxis-Logo.jpg 500w\" sizes=\"(max-width: 300px) 100vw, 300px\" \/><\/p>\n<p><img decoding=\"async\" loading=\"lazy\" class=\"size-medium wp-image-220 aligncenter\" src=\"http:\/\/filmpolice.de\/wp-content\/uploads\/2018\/10\/Haarmonie_Logo2-300x106.jpg\" alt=\"\" width=\"300\" height=\"106\" srcset=\"https:\/\/filmpolice.de\/wp-content\/uploads\/2018\/10\/Haarmonie_Logo2-300x106.jpg 300w, https:\/\/filmpolice.de\/wp-content\/uploads\/2018\/10\/Haarmonie_Logo2.jpg 500w\" sizes=\"(max-width: 300px) 100vw, 300px\" \/>\u00a0\u00a0\u00a0 <img decoding=\"async\" loading=\"lazy\" class=\"size-medium wp-image-223 aligncenter\" src=\"http:\/\/filmpolice.de\/wp-content\/uploads\/2018\/10\/lang-1-300x116.jpg\" alt=\"\" width=\"300\" height=\"116\" srcset=\"https:\/\/filmpolice.de\/wp-content\/uploads\/2018\/10\/lang-1-300x116.jpg 300w, https:\/\/filmpolice.de\/wp-content\/uploads\/2018\/10\/lang-1.jpg 500w\" sizes=\"(max-width: 300px) 100vw, 300px\" \/>\u00a0\u00a0\u00a0\u00a0\u00a0 <img decoding=\"async\" loading=\"lazy\" class=\"size-medium wp-image-218 aligncenter\" src=\"http:\/\/filmpolice.de\/wp-content\/uploads\/2018\/10\/BeeFee-Logo-300x145.jpg\" alt=\"\" width=\"300\" height=\"145\" srcset=\"https:\/\/filmpolice.de\/wp-content\/uploads\/2018\/10\/BeeFee-Logo-300x145.jpg 300w, https:\/\/filmpolice.de\/wp-content\/uploads\/2018\/10\/BeeFee-Logo.jpg 500w\" sizes=\"(max-width: 300px) 100vw, 300px\" \/><\/p>\n<p><strong>\u00a0<\/strong><\/p>\n<p><strong>\u00a0\u00a0 <\/strong><\/p>\n","protected":false},"excerpt":{"rendered":"<p>Beispiele\u00a0diverser\u00a0Grafikarbeiten die wir im Auftrag erstellt haben. Druckvorlagen f\u00fcr diverse Anzeigen, Brosch\u00fcren und Werbeaufsteller f\u00fcr Fa. Fraas Logoentwicklung f\u00fcr Firmen\u00a0 \u00a0\u00a0\u00a0\u00a0\u00a0\u00a0 \u00a0\u00a0\u00a0\u00a0 \u00a0\u00a0\u00a0 \u00a0\u00a0\u00a0\u00a0\u00a0 \u00a0 \u00a0\u00a0<\/p>\n","protected":false},"author":1,"featured_media":0,"parent":75,"menu_order":0,"comment_status":"closed","ping_status":"closed","template":"","meta":[],"_links":{"self":[{"href":"https:\/\/filmpolice.de\/index.php?rest_route=\/wp\/v2\/pages\/90"}],"collection":[{"href":"https:\/\/filmpolice.de\/index.php?rest_route=\/wp\/v2\/pages"}],"about":[{"href":"https:\/\/filmpolice.de\/index.php?rest_route=\/wp\/v2\/types\/page"}],"author":[{"embeddable":true,"href":"https:\/\/filmpolice.de\/index.php?rest_route=\/wp\/v2\/users\/1"}],"replies":[{"embeddable":true,"href":"https:\/\/filmpolice.de\/index.php?rest_route=%2Fwp%2Fv2%2Fcomments&post=90"}],"version-history":[{"count":10,"href":"https:\/\/filmpolice.de\/index.php?rest_route=\/wp\/v2\/pages\/90\/revisions"}],"predecessor-version":[{"id":232,"href":"https:\/\/filmpolice.de\/index.php?rest_route=\/wp\/v2\/pages\/90\/revisions\/232"}],"up":[{"embeddable":true,"href":"https:\/\/filmpolice.de\/index.php?rest_route=\/wp\/v2\/pages\/75"}],"wp:attachment":[{"href":"https:\/\/filmpolice.de\/index.php?rest_route=%2Fwp%2Fv2%2Fmedia&parent=90"}],"curies":[{"name":"wp","href":"https:\/\/api.w.org\/{rel}","templated":true}]}}