{"id":31,"date":"2018-10-21T15:19:41","date_gmt":"2018-10-21T15:19:41","guid":{"rendered":"http:\/\/filmpolice.de\/?page_id=31"},"modified":"2018-11-20T10:20:29","modified_gmt":"2018-11-20T10:20:29","slug":"grafikdesign","status":"publish","type":"page","link":"https:\/\/filmpolice.de\/?page_id=31","title":{"rendered":"Grafikdesign"},"content":{"rendered":"<p>&nbsp;<\/p>\n<h2><span style=\"color: #1d86b3;\">Grafik- und Printdesign<\/span><\/h2>\n<p>Von der Visitenkarte \u00fcber\u00a0Anzeigen\u00a0bis hin zum kompletten Corporate Design &#8211; wir erledigen\u00a0das f\u00fcr Sie.<\/p>\n<p>Der erste Eindruck z\u00e4hlt! Mit ausgefallenen und ansprechenden Designs gewinnen Sie den Kunden. Wir erstellen jedes Design neu und individuell auf\u00a0ihre W\u00fcnsche und Anforderungen\u00a0angepasst.<\/p>\n<p>Wir designen alles was sie f\u00fcr Ihren Firmenauftritt ben\u00f6tigen, angefangen von der Visitenkarte, \u00fcber Flyer, Brosch\u00fcren, Banner, Aufsteller f\u00fcr Messen \u00fcber Werbeanzeigen f\u00fcr Printmedien, Poster, Kalender.<\/p>\n<p>Sie sind gerade dabei eine Firma zu gr\u00fcnden und haben noch kein Logo? Auch hier k\u00f6nnen wir Ihnen helfen. Wir erstellen Ihnen ein komplettes Corporate Design. Das Corporate Design bezeichnet das Erscheinungsbild eines Unternehmens und zieht sich wie ein roter Faden durch alle Werbemittel (Visitenkarte, Webseite, Rechnungen, Briefbogen, Pr\u00e4sentationen, soziale Netzwerke,&#8230;.).<\/p>\n<p>Das Zusammenspiel von Farben, Logo, Typografie und stilistischen Vorgaben f\u00fcr Fotos, Bilder und Grafiken ergeben das Corporate Design.<\/p>\n<p>&nbsp;<\/p>\n<p><img decoding=\"async\" loading=\"lazy\" class=\"alignnone wp-image-364 size-full\" src=\"http:\/\/filmpolice.de\/wp-content\/uploads\/2018\/11\/grafikdesign.jpg\" alt=\"\" width=\"1500\" height=\"374\" srcset=\"https:\/\/filmpolice.de\/wp-content\/uploads\/2018\/11\/grafikdesign.jpg 1500w, https:\/\/filmpolice.de\/wp-content\/uploads\/2018\/11\/grafikdesign-300x75.jpg 300w, https:\/\/filmpolice.de\/wp-content\/uploads\/2018\/11\/grafikdesign-768x191.jpg 768w, https:\/\/filmpolice.de\/wp-content\/uploads\/2018\/11\/grafikdesign-1024x255.jpg 1024w\" sizes=\"(max-width: 1500px) 100vw, 1500px\" \/><\/p>\n","protected":false},"excerpt":{"rendered":"<p>&nbsp; Grafik- und Printdesign Von der Visitenkarte \u00fcber\u00a0Anzeigen\u00a0bis hin zum kompletten Corporate Design &#8211; wir erledigen\u00a0das f\u00fcr Sie. Der erste Eindruck z\u00e4hlt! Mit ausgefallenen und ansprechenden Designs gewinnen Sie den Kunden. Wir erstellen jedes Design neu und individuell auf\u00a0ihre W\u00fcnsche und Anforderungen\u00a0angepasst. Wir designen alles was sie f\u00fcr Ihren Firmenauftritt ben\u00f6tigen, angefangen von der Visitenkarte,<\/p>\n<p><a href=\"https:\/\/filmpolice.de\/?page_id=31\" class=\"more-link\">Weiterlesen<\/a><\/p>\n","protected":false},"author":1,"featured_media":371,"parent":73,"menu_order":0,"comment_status":"closed","ping_status":"closed","template":"","meta":[],"_links":{"self":[{"href":"https:\/\/filmpolice.de\/index.php?rest_route=\/wp\/v2\/pages\/31"}],"collection":[{"href":"https:\/\/filmpolice.de\/index.php?rest_route=\/wp\/v2\/pages"}],"about":[{"href":"https:\/\/filmpolice.de\/index.php?rest_route=\/wp\/v2\/types\/page"}],"author":[{"embeddable":true,"href":"https:\/\/filmpolice.de\/index.php?rest_route=\/wp\/v2\/users\/1"}],"replies":[{"embeddable":true,"href":"https:\/\/filmpolice.de\/index.php?rest_route=%2Fwp%2Fv2%2Fcomments&post=31"}],"version-history":[{"count":6,"href":"https:\/\/filmpolice.de\/index.php?rest_route=\/wp\/v2\/pages\/31\/revisions"}],"predecessor-version":[{"id":368,"href":"https:\/\/filmpolice.de\/index.php?rest_route=\/wp\/v2\/pages\/31\/revisions\/368"}],"up":[{"embeddable":true,"href":"https:\/\/filmpolice.de\/index.php?rest_route=\/wp\/v2\/pages\/73"}],"wp:featuredmedia":[{"embeddable":true,"href":"https:\/\/filmpolice.de\/index.php?rest_route=\/wp\/v2\/media\/371"}],"wp:attachment":[{"href":"https:\/\/filmpolice.de\/index.php?rest_route=%2Fwp%2Fv2%2Fmedia&parent=31"}],"curies":[{"name":"wp","href":"https:\/\/api.w.org\/{rel}","templated":true}]}}