{"id":29,"date":"2018-10-21T15:19:41","date_gmt":"2018-10-21T15:19:41","guid":{"rendered":"http:\/\/filmpolice.de\/?page_id=29"},"modified":"2018-11-21T10:54:19","modified_gmt":"2018-11-21T10:54:19","slug":"videoproduktion","status":"publish","type":"page","link":"https:\/\/filmpolice.de\/?page_id=29","title":{"rendered":"Videoproduktion"},"content":{"rendered":"<p>&nbsp;<\/p>\n<h2><span style=\"color: #18a9d9;\">Videoproduktion<\/span><\/h2>\n<p style=\"text-align: left;\">Im heutigen, digitalen Zeitalter ist ein professionelles Video eines der wichtigsten und werbetechnisch effektivsten Mittel f\u00fcr Unternehmer eine Marke zu etablieren bzw. ein Produkt oder eine Dienstleistung zu verkaufen.<\/p>\n<p style=\"text-align: left;\">Bewegte Bilder sind deutlich aussagekr\u00e4ftiger als Text und Fotos. Der Konsument ist bequem, das hei\u00dft er sieht sich lieber kurz ein Video an, als ellenlange Texte zu lesen.<\/p>\n<p style=\"text-align: left;\">Wir bieten Ihnen eine l\u00fcckenlose Betreuung f\u00fcr ihre Videoproduktion.<\/p>\n<p style=\"text-align: left;\">Angefangen von der Beratung, \u00fcber die Produktion bis hin zur Fertigstellung Ihres Projekts.<\/p>\n<p style=\"text-align: left;\">Zeitgem\u00e4\u00dfe Technik ohne versteckte Kosten sind bei uns selbstverst\u00e4ndlich.<\/p>\n<hr \/>\n<h2><span style=\"color: #18a9d9;\">Social Media Clips<\/span><\/h2>\n<p>Soziale Netzwerke sind mittlerweile eine der wichtigsten Werbeplattformen in unserer Zeit. Hier geht es darum dem Konsumenten in k\u00fcrzester Zeit eine Werbebotschaft zu vermitteln. Egal ob\u00a0Produkt, eine Marke oder eine Dienstleistung, hier kann man alles bewerben. Dies geschieht beim\u00a0Social Media Spot\u00a0meist in einem Zeitraum von\u00a0maximal 60 Sekunden, normal\u00a0sogar meist nur 20 bis 30 Sekunden. Wichtig sind die ersten 5 Sekunden, wenn hier kein Interesse geweckt wird, besteht die Gefahr, dass das Video nicht weiter geschaut wird.<\/p>\n<p>Hier sind der Kreativit\u00e4t keine Grenzen gesetzt. Je ausgefallener und verr\u00fcckter, desto\u00a0besser bleibt der Spot in Erinnerung.<\/p>\n<hr \/>\n<h2><span style=\"color: #18a9d9;\">Werbespot<\/span><\/h2>\n<p>Ein Werbespot ist ein kurzer, pr\u00e4gnanter Film um dem Konsumenten ein Produkt, eine Marke oder eine Dienstleistung n\u00e4her zu bringen. Dies geschieht beim Werbespot meist in einem Zeitraum von etwa 60 Sekunden, f\u00fcr Kinospots sogar meist nur 20 bis 30 Sekunden.<\/p>\n<p>Die Kunst besteht darin, dem Kunden in dieser kurzen Zeit alle n\u00f6tigen Informationen zu vermitteln und Begeisterung zu erzeugen. Der Kreativit\u00e4t sind hier keine Grenzen gesetzt und die audiovisuellen Mittel k\u00f6nnen komplett ausgereizt werden.<\/p>\n<hr \/>\n<h2><span style=\"color: #18a9d9;\">Imagefilm<\/span><\/h2>\n<p>Ein Imagefilm portraitiert ein Unternehmen, eine Person oder eine Marke mit einer zus\u00e4tzlichen Werbefunktion. Dem Zuschauer soll ein angenehm positives Gef\u00fchl des Unternehmens, der Person oder Marke vermittelt werden. Dies erreicht man meist mit Blicken hinter die Kulissen, pers\u00f6nliches Ansprechen und allgemein interessante Informationen.<\/p>\n<p>Die Spielzeit eines Imagefilms liegt in der Regel bei zwei bis drei Minuten, je nach Inhalt. Uns ist wichtig Ihr Unternehmen bestm\u00f6glich darzustellen und positiv zu kommunizieren.<\/p>\n<hr \/>\n<h2><span style=\"color: #18a9d9;\">Erkl\u00e4rvideo<\/span><\/h2>\n<p>Inhaltlich liegt der Fokus beim Erkl\u00e4rvideo darin, dem Konsumenten einen Ablauf oder eine Funktion eines Produktes oder einer Dienstleistung n\u00e4her zu bringen um die Kaufentscheidung positiv zu beeinflussen bzw. zu best\u00e4rken.<\/p>\n<p>Die L\u00e4nge eines Erkl\u00e4rvideos sollte ein bis zwei Minuten nicht \u00fcberschreiten, in komplexeren Abl\u00e4ufen kann die Zeit nat\u00fcrlich variieren. Die verschiedenen M\u00f6glichkeiten f\u00fcr ein Erkl\u00e4rvideo bringen wir Ihnen gerne in einem Beratungsgespr\u00e4ch n\u00e4her.<\/p>\n<hr \/>\n<h2><span style=\"color: #18a9d9;\">Produktvideo<\/span><\/h2>\n<p>F\u00fcr die Bewerbung eines Produktes ist, wie der Name schon sagt, ein Produktvideo das ideale Format. Hier wird ein Produkt beworben, die Vorteile, die Funktionsweise oder\/und die Verbesserungen im Vergleich zu Vorg\u00e4nger-Modellen.<\/p>\n<p>Im hauseigenen Studio produzieren wir seit \u00fcber zehn Jahren Produktvideos f\u00fcr namenhafte Hersteller und das deutschlandweit. Hier liegt der Fokus auf perfekter Darstellung im richtigen Licht, im passenden Ambiente.<\/p>\n<p>Die Spiell\u00e4nge liegt hier in der Regel bei 30 Sekunden bis zu drei Minuten, am g\u00e4ngigsten sind Filml\u00e4ngen von einer Minute bis 1:30 Minuten.<\/p>\n<hr \/>\n<h2><span style=\"color: #18a9d9;\">Eventvideo<\/span><\/h2>\n<p>Sie Planen ein Event, eine Firmenveranstaltung, Vorstellung oder \u00c4hnliches und wollen dies in bewegten Bildern festhalten oder auch nicht anwesende Personen teilhaben lassen, dann produzieren wir gerne einen Film ihrer Veranstaltung.<\/p>\n<p>F\u00fcr die L\u00e4nge eines Eventvideos gibt es keine Richtlinien, die variiert je nach Veranstaltung.<\/p>\n<hr \/>\n<h2><span style=\"color: #18a9d9;\">Musikvideo<\/span><\/h2>\n<p>Wichtig zur Vermarktung eines neuen Tracks ist f\u00fcr Musiker und Produzenten das eigene Video zum Song. Musikvideos sind eine hervorragende M\u00f6glichkeit den eigenen Popularit\u00e4tsgrad zu steigern und Aufmerksamkeit zu erzeugen Besonders die Online-Videoportale als Musikvideo-Pr\u00e4sentation hat vielen Musikern eine riesige Chance gegeben ihren Bekanntheitsgrad zu steigern<\/p>\n<p>Perfekte Story zum Lied, ausgefallene Einstellungen, Beindruckende Lichteffekte und die perfekte Postproduktion sind die Grundlagen f\u00fcr ein perfektes Musikvideo.<\/p>\n<p>Die Produktionskosten k\u00f6nnen hier sehr variieren, denn angefangen von einer relativ einfachen Produktion kann man das Ganze auch in einer Art Spielfilm produzieren, was nat\u00fcrlich auch die Kosten deutlich anhebt.<\/p>\n","protected":false},"excerpt":{"rendered":"<p>&nbsp; Videoproduktion Im heutigen, digitalen Zeitalter ist ein professionelles Video eines der wichtigsten und werbetechnisch effektivsten Mittel f\u00fcr Unternehmer eine Marke zu etablieren bzw. ein Produkt oder eine Dienstleistung zu verkaufen. Bewegte Bilder sind deutlich aussagekr\u00e4ftiger als Text und Fotos. Der Konsument ist bequem, das hei\u00dft er sieht sich lieber kurz ein Video an, als<\/p>\n<p><a href=\"https:\/\/filmpolice.de\/?page_id=29\" class=\"more-link\">Weiterlesen<\/a><\/p>\n","protected":false},"author":1,"featured_media":372,"parent":73,"menu_order":0,"comment_status":"closed","ping_status":"closed","template":"","meta":[],"_links":{"self":[{"href":"https:\/\/filmpolice.de\/index.php?rest_route=\/wp\/v2\/pages\/29"}],"collection":[{"href":"https:\/\/filmpolice.de\/index.php?rest_route=\/wp\/v2\/pages"}],"about":[{"href":"https:\/\/filmpolice.de\/index.php?rest_route=\/wp\/v2\/types\/page"}],"author":[{"embeddable":true,"href":"https:\/\/filmpolice.de\/index.php?rest_route=\/wp\/v2\/users\/1"}],"replies":[{"embeddable":true,"href":"https:\/\/filmpolice.de\/index.php?rest_route=%2Fwp%2Fv2%2Fcomments&post=29"}],"version-history":[{"count":11,"href":"https:\/\/filmpolice.de\/index.php?rest_route=\/wp\/v2\/pages\/29\/revisions"}],"predecessor-version":[{"id":387,"href":"https:\/\/filmpolice.de\/index.php?rest_route=\/wp\/v2\/pages\/29\/revisions\/387"}],"up":[{"embeddable":true,"href":"https:\/\/filmpolice.de\/index.php?rest_route=\/wp\/v2\/pages\/73"}],"wp:featuredmedia":[{"embeddable":true,"href":"https:\/\/filmpolice.de\/index.php?rest_route=\/wp\/v2\/media\/372"}],"wp:attachment":[{"href":"https:\/\/filmpolice.de\/index.php?rest_route=%2Fwp%2Fv2%2Fmedia&parent=29"}],"curies":[{"name":"wp","href":"https:\/\/api.w.org\/{rel}","templated":true}]}}